{"id":54,"date":"2023-12-12T14:54:26","date_gmt":"2023-12-12T13:54:26","guid":{"rendered":"http:\/\/www.balansatresort.com\/?page_id=54"},"modified":"2024-03-05T08:39:03","modified_gmt":"2024-03-05T07:39:03","slug":"terminos-y-condiciones","status":"publish","type":"page","link":"https:\/\/www.balansatresort.com\/es\/terminos-y-condiciones\/","title":{"rendered":"T\u00e9rminos y condiciones"},"content":{"rendered":"[vc_row type=\u00bbin_container\u00bb full_screen_row_position=\u00bbmiddle\u00bb column_margin=\u00bbdefault\u00bb column_direction=\u00bbdefault\u00bb column_direction_tablet=\u00bbdefault\u00bb column_direction_phone=\u00bbdefault\u00bb scene_position=\u00bbcenter\u00bb text_color=\u00bbdark\u00bb text_align=\u00bbleft\u00bb row_border_radius=\u00bbnone\u00bb row_border_radius_applies=\u00bbbg\u00bb overflow=\u00bbvisible\u00bb id=\u00bbpgen\u00bb overlay_strength=\u00bb0.3&#8243; gradient_direction=\u00bbleft_to_right\u00bb shape_divider_position=\u00bbbottom\u00bb bg_image_animation=\u00bbnone\u00bb gradient_type=\u00bbdefault\u00bb shape_type=\u00bb\u00bb][vc_column column_padding=\u00bbno-extra-padding\u00bb column_padding_tablet=\u00bbinherit\u00bb column_padding_phone=\u00bbinherit\u00bb column_padding_position=\u00bball\u00bb column_element_direction_desktop=\u00bbdefault\u00bb column_element_spacing=\u00bbdefault\u00bb desktop_text_alignment=\u00bbdefault\u00bb tablet_text_alignment=\u00bbdefault\u00bb phone_text_alignment=\u00bbdefault\u00bb background_color_opacity=\u00bb1&#8243; background_hover_color_opacity=\u00bb1&#8243; column_backdrop_filter=\u00bbnone\u00bb column_shadow=\u00bbnone\u00bb column_border_radius=\u00bbnone\u00bb column_link_target=\u00bb_self\u00bb column_position=\u00bbdefault\u00bb gradient_direction=\u00bbleft_to_right\u00bb overlay_strength=\u00bb0.3&#8243; width=\u00bb1\/1&#8243; tablet_width_inherit=\u00bbdefault\u00bb animation_type=\u00bbdefault\u00bb bg_image_animation=\u00bbnone\u00bb border_type=\u00bbsimple\u00bb column_border_width=\u00bbnone\u00bb column_border_style=\u00bbsolid\u00bb][vc_custom_heading source=\u00bbpost_title\u00bb font_container=\u00bbtag:h1|text_align:center\u00bb use_theme_fonts=\u00bbyes\u00bb][vc_column_text]<strong>BOOKING TERMS AND CONDITIONS<\/strong><\/p>\n<ol>\n<li>ALIMENTOS Y BEBIDAS<\/li>\n<\/ol>\n<p>Balansat Resort ofrece una variedad de planes de comidas. Las comidas no est\u00e1n incluidas en el precio de la habitaci\u00f3n. Los planes de alimentaci\u00f3n deben seleccionarse durante el proceso de reserva. Todas las comidas son de pago, excepto para beb\u00e9s menores de 2 a\u00f1os.<\/p>\n<p>&nbsp;<\/p>\n<ol start=\"2\">\n<li>POL\u00cdTICA DE NI\u00d1OS<\/li>\n<\/ol>\n<p>Los ni\u00f1os de 1 a\u00f1o o menos pueden alojarse gratis.<\/p>\n<p>Los ni\u00f1os de 2 a 12 a\u00f1os tienen una reducci\u00f3n del 50% en el plan de alimentaci\u00f3n.<\/p>\n<p>En caso de necesitar cuna, por favor pregunte en el momento de realizar la reserva.<\/p>\n<p>&nbsp;<\/p>\n<p>3.POL\u00cdTICA DE FUMAR<\/p>\n<p>Se permite fumar en las zonas exteriores del Balansat Resort.<\/p>\n<p>&nbsp;<\/p>\n<p>4.POL\u00cdTICA DE MASCOTAS<\/p>\n<p>No se permiten mascotas.<\/p>\n<p>&nbsp;<\/p>\n<p>5.DESCUENTOS Y OFERTAS<\/p>\n<p>Balansat Resort promociona descuentos y precios especiales en balansatresort.com. El usuario siempre ser\u00e1 informado durante el proceso de reserva del precio y descuentos disponibles.<\/p>\n<p>&nbsp;<\/p>\n<p>6.C\u00d3DIGO PROMOCIONAL<\/p>\n<p>&nbsp;<\/p>\n<p>Si tienes un c\u00f3digo promocional, inserta el c\u00f3digo durante el proceso de reserva para beneficiarte de ofertas exclusivas.<\/p>\n<p>&nbsp;<\/p>\n<p><strong>T\u00c9RMINOS GENERALES Y CONDICIONES<\/strong><\/p>\n<p>El presente documento tiene por objeto regular los T\u00c9RMINOS Y\/O CONDICIONES GENERALES de los servicios de Reservas on-line de la empresa Balansat Resort con domicilio en Port de Sant Miquel s\/n, 07815 Sant Joan &#8211; Ibiza, B07-818552. Los t\u00e9rminos \u201cUsted\u201d y \u201cUsuario\u201d se utilizan en el presente documento para referirse a cualquier individuo y\/o entidad que por cualquier motivo acceda a www.balansatresort.com o utilice los servicios.<\/p>\n<p>La utilizaci\u00f3n de estos servicios presupone la aceptaci\u00f3n plena e incondicional y la validez de todos y cada uno de los T\u00e9rminos y\/o Condiciones Generales (que se considerar\u00e1n autom\u00e1ticamente incorporadas al contrato celebrado con Balansat Resort sin que sea necesaria su transcripci\u00f3n escrita en el mismo). Incluidos en la \u00faltima versi\u00f3n actualizada de estos T\u00e9rminos y\/o Condiciones Generales.<\/p>\n<p>&nbsp;<\/p>\n<p>1. USO DEL SISTEMA DE RESERVAS<\/p>\n<p>Los Servicios de Reserva On-line est\u00e1n destinados a la Reserva de una habitaci\u00f3n en Balansat Resort.<\/p>\n<p>EL USO DE ESTOS SERVICIOS PRESUPONE LA ACEPTACI\u00d3N PLENA E INCONDICIONAL Y LA VIGENCIA DE TODOS Y CADA UNO DE LOS T\u00c9RMINOS Y\/O CONDICIONES GENERALES INCLUIDOS EN LA \u00daLTIMA VERSI\u00d3N ACTUALIZADA DE ESTOS T\u00c9RMINOS Y\/O CONDICIONES GENERALES.<\/p>\n<p>PROCEDIMIENTO DE CONTRATACI\u00d3N<\/p>\n<p>Siempre que el usuario haga uso del servicio, recibir\u00e1 una confirmaci\u00f3n de procesamiento por correo electr\u00f3nico que incluir\u00e1 la informaci\u00f3n de que su orden de compra est\u00e1 en proceso de confirmaci\u00f3n. Si el usuario se convierte en consumidor una vez cargado el importe total o dep\u00f3sito correspondiente a la Reserva, recibir\u00e1 un correo electr\u00f3nico confirmando la reserva, que actuar\u00e1 como prueba de la misma. La reserva no ser\u00e1 confirmada sin este comprobante y un comprobante de pago.<\/p>\n<p>GARANTIZAR<\/p>\n<p>La reserva est\u00e1 confirmada y garantizada durante toda la noche con tarjeta de cr\u00e9dito. Si el cliente no se presenta sin previo aviso, se cargar\u00e1 el importe de la primera noche de estancia (IVA e impuestos incluidos).<\/p>\n<p>CANCELACI\u00d3N DE UNA RESERVA<\/p>\n<p>La tarjeta de cr\u00e9dito es s\u00f3lo una garant\u00eda. El cliente no tendr\u00e1 que pagar gastos de cancelaci\u00f3n siempre que la cancelaci\u00f3n se realice antes de la hora establecida como fecha l\u00edmite (hora local del hotel) el d\u00eda de llegada. Una vez superado el plazo, Balansat Resort cobrar\u00e1 una tarifa de cancelaci\u00f3n como compensaci\u00f3n.<\/p>\n<p>Los gastos de cancelaci\u00f3n de Balansat Resort son iguales al precio de la primera noche (IVA e impuestos incluidos)<\/p>\n<p>El horario l\u00edmite de llegada al hotel es: 2 d\u00edas antes del d\u00eda de llegada.<\/p>\n<p>TARIFAS E IMPUESTOS<\/p>\n<p>Las tarifas expuestas en nuestra web son v\u00e1lidas durante el periodo indicado. Cuando existan razones justificables Balansat Resort se reserva el derecho de modificar estas tarifas sin previo aviso.<\/p>\n<p>Las tarifas relativas a una reserva se muestran durante el proceso de reserva. El IVA\/IMPUESTOS est\u00e1n incluidos en las tarifas, as\u00ed como cualquier impuesto adicional aplicable seg\u00fan las regulaciones locales.<\/p>\n<p>&nbsp;<\/p>\n<p>2. USO DE LOS SERVICIOS DEL SITIO WEB<\/p>\n<p>El Usuario se obliga a hacer uso de los servicios de conformidad con la Ley, las buenas costumbres, la respetabilidad y el orden p\u00fablico y de conformidad con lo dispuesto en las presentes Condiciones Generales. En consecuencia, el usuario tiene la obligaci\u00f3n de abstenerse de utilizar los servicios con fines y efectos il\u00edcitos y\/o contrarios a lo establecido en estos T\u00e9rminos y Condiciones Generales, de forma que puedan resultar lesivos de los derechos y\/o intereses de terceros o que de cualquier forma puedan da\u00f1ar a Balansat Resort y\/o su imagen o sus servicios.<\/p>\n<p>Para una buena eficacia y beneficio del usuario, Balansat Resort podr\u00e1 modificar en cualquier momento y sin previo aviso los servicios prestados o las condiciones operativas, t\u00e9cnicas o de uso de los servicios. Asimismo, con el fin de mejorar el servicio y establecer un nivel \u00f3ptimo de calidad, se invita a los usuarios a sugerir aquellas modificaciones que consideren \u00fatiles poni\u00e9ndose en contacto con Balansat Resort.<\/p>\n<p>Protecci\u00f3n de datos personales<\/p>\n<p>Los usuarios de los servicios de Reservas on-line ofrecidos a trav\u00e9s de www.balansatresort.com facilitan voluntariamente datos de car\u00e1cter personal y consienten expresa e incondicionalmente a que Balansat Resort los trate automatizadamente y los incluya en un fichero con la finalidad de poder ofrecerles y prestar sus servicios. Este fichero es responsabilidad de Balansat Resort.<\/p>\n<p>En este momento, salvo que se indique lo contrario, el usuario presta su consentimiento para que sus datos personales puedan ser utilizados por Balansat Resort y\/o terceros relacionados con el sector del turismo de ocio y hosteler\u00eda, con fines de publicidad y desarrollo de nuevos negocios. Estos pueden incluir la emisi\u00f3n de comunicaciones comerciales a trav\u00e9s de medios electr\u00f3nicos, con el fin de medir los niveles de satisfacci\u00f3n del cliente.<\/p>\n<p>&nbsp;<\/p>\n<p>El usuario podr\u00e1 tener la opci\u00f3n de marcar\/desmarcar el campo newsletters durante el proceso de reserva y antes de aceptar los t\u00e9rminos y condiciones generales. (no acepto recibir publicidad e informaci\u00f3n comercial).<\/p>\n<p>&nbsp;<\/p>\n<p>Los usuarios que pongan a disposici\u00f3n sus datos personales tienen derecho en todo momento a acceder al fichero y ejercitar los derechos de rectificaci\u00f3n, cancelaci\u00f3n y oposici\u00f3n en los t\u00e9rminos y condiciones establecidos en la legislaci\u00f3n en protecci\u00f3n de datos. Asimismo, el consentimiento del usuario al tratamiento y cesi\u00f3n de sus datos personales ser\u00e1 revocable en todo momento sin efectos retroactivos, seg\u00fan lo dispuesto en los art\u00edculos 6 y 11 de la Ley 15\/1999, de 13 de diciembre, de Protecci\u00f3n de Datos de Car\u00e1cter Personal.<\/p>\n<p>&nbsp;<\/p>\n<p>Los servicios de reserva de Balansat Resort no est\u00e1n destinados a ser utilizados por ni\u00f1os, por lo que Balansat Resort no solicita ni recopila informaci\u00f3n relacionada con ni\u00f1os.<\/p>\n<p>balansatresort.com puede recopilar informaci\u00f3n a trav\u00e9s de dispositivos como cookies o archivos de registro sobre los h\u00e1bitos de navegaci\u00f3n de sus usuarios de balansatresort.com. Estos dispositivos est\u00e1n asociados exclusivamente a un usuario y su propio ordenador personal. En estos casos Balansat Resort \u00fanicamente utilizar\u00e1 estos datos en su conjunto y con la finalidad \u00faltima de mejorar sus servicios.<\/p>\n<p>&nbsp;<\/p>\n<p>El documento electr\u00f3nico con el que se formaliza la reserva se archiva electr\u00f3nicamente durante el plazo legalmente establecido. Los clientes podr\u00e1n acceder a los datos ejerciendo sus correspondientes derechos de acceso en la forma anteriormente indicada.<\/p>\n<p>&nbsp;<\/p>\n<p>3 USO CORRECTO DEL CONTENIDO DEL SITIO WEB<\/p>\n<p>&nbsp;<\/p>\n<p>Todo el material incluido en este www.balansatresort.com y cualquier otro Sitio que sea propiedad de Balansat Resort, est\u00e9 operado, autorizado o controlado por Balansat Resort, como textos, gr\u00e1ficos, logotipos, im\u00e1genes y fotograf\u00edas, es propiedad de Balansat Resort, sus subsidiarias, compa\u00f1\u00edas afiliadas y\/o o terceros licenciantes y est\u00e1 protegido por las leyes de derechos de autor espa\u00f1olas e internacionales. La modificaci\u00f3n o uso del Contenido, excepto lo expresamente previsto en estos T\u00e9rminos de Uso, viola los derechos de propiedad intelectual de Balansat Resort.<\/p>\n<p>&nbsp;<\/p>\n<p>El Contenido no puede copiarse, distribuirse, republicarse, cargarse, publicarse ni transmitirse de ninguna manera sin el consentimiento previo por escrito de Balansat Resort.<\/p>\n<p>&nbsp;<\/p>\n<p>4 DERECHO A MODIFICAR LOS T\u00c9RMINOS Y CONDICIONES GENERALES<\/p>\n<p>Balansat Resort se reserva el derecho de modificar los presentes T\u00e9rminos y\/o Condiciones Generales, informando a los usuarios de las modificaciones realizadas a trav\u00e9s de balansatresort.com<\/p>\n<p>&nbsp;<\/p>\n<p>5 GARANT\u00cdA Y DESCARGO DE RESPONSABILIDAD<\/p>\n<p>&nbsp;<\/p>\n<p>5.1 Balansat Resort NO GARANTIZA LA FIABILIDAD, DISPONIBILIDAD O CONTINUIDAD DE LOS SERVICIOS PUESTOS A DISPOSICI\u00d3N DEL USUARIO Y, EN CONSECUENCIA, RENUNCIA A TODA RESPONSABILIDAD POR CUALQUIER DA\u00d1O Y\/O P\u00c9RDIDA DE CUALQUIER TIPO QUE PUEDA SER DEBIDO A LA FALTA DE LOS MISMOS. NO OBSTANTE, Y EN LA MEDIDA EN QUE ESTO SEA POSIBLE, SE ESFORZAR\u00c1 EN PONER A DISPOSICI\u00d3N DE LA ASISTENCIA T\u00c9CNICA AL AFECTADO. ASIMISMO, Balansat Resort BUSCAR\u00c1 RESOLVER LA INTERRUPCI\u00d3N Y, CUANDO POSIBLE, PODR\u00c1 MEDIDAS ALTERNATIVAS A DISPOSICI\u00d3N DEL USUARIO.<\/p>\n<p>&nbsp;<\/p>\n<p>5.2 Balansat Resort NO SE COMPROMETE Y NO HA CONTROLADO PREVIAMENTE LOS CONTENIDOS POR LA PRESENCIA DE VIRUS U OTROS ELEMENTOS QUE PUEDAN PROVOCAR ALTERACIONES EN EL SOFTWARE O HARDWARE DEL USUARIO O DE LAS PERSONAS QUE VISITE EL SITIO Y, EN CONSECUENCIA, NO ES RESPONSABLE DE NING\u00daN DA\u00d1O Y\/O P\u00c9RDIDAS DE CUALQUIER TIPO QUE PUEDAN RESULTAR DE ELLOS.<\/p>\n<p>&nbsp;<\/p>\n<p>5.3 SI A PESAR DE ACTUAR CON LA DEBIDA DILIGENCIA Y PREVISI\u00d3N, Balansat Resort NO PUEDE PROPORCIONAR LAS HABITACIONES RESERVADAS POR MOTIVOS QUE NO SON IMPUTABLES A Balansat Resort O LE SER\u00cdA IMPOSIBLE PRESTAR LOS SERVICIOS EN LOS T\u00c9RMINOS Y CONDICIONES ACORDADOS QUE OFRECER\u00c1 Balansat Resort USUARIO LA POSIBILIDAD DE ELEGIR ENTRE LA DEVOLUCI\u00d3N DEL IMPORTE TOTAL PAGADO O LA SUSTITUCI\u00d3N DE OTRAS HABITACIONES DE SIMILAR CATEGOR\u00cdA O CALIDAD. SI COMO CONSECUENCIA DE LA SUSTITUCI\u00d3N EL SERVICIO FUERA DE CATEGOR\u00cdA O CALIDAD INFERIOR, Balansat Resort DEBER\u00c1 REEMBOLSAR LA DIFERENCIA.<\/p>\n<p>&nbsp;<\/p>\n<p>6 SALVAGUARDIA GENERAL<\/p>\n<p>Si alguna de las disposiciones de estos T\u00e9rminos y\/o Condiciones Generales fuera declarada nula o ineficaz, las restantes Condiciones se mantendr\u00e1n en los t\u00e9rminos pactados. Balansat Resort se compromete a sustituir la disposici\u00f3n en cuesti\u00f3n por la que m\u00e1s se ajuste a la intenci\u00f3n inicialmente perseguida por las partes.<\/p>\n<p>NINGUNA DISPOSICI\u00d3N DE ESTE ACUERDO AFECTAR\u00c1 DE NINGUNA MANERA LAS REGULACIONES OBLIGATORIAS RELACIONADAS CON EL CONSUMIDOR. SI NO ES CONSUMIDOR, RENUNCIA EXPRESAMENTE A SU DERECHO DE ABANDONO.<\/p>\n<p>&nbsp;<\/p>\n<p>7 ACEPTACI\u00d3N DE NORMAS DE USO<\/p>\n<p>El Usuario es consciente de que la utilizaci\u00f3n de los servicios de Reservas on-line presupone la aceptaci\u00f3n plena e incondicional de todas y cada una de las disposiciones de las Normas de www.balansatresort.com en los vers.[\/vc_column_text][\/vc_column][\/vc_row]\n","protected":false},"excerpt":{"rendered":"<p>[vc_row type=\u00bbin_container\u00bb full_screen_row_position=\u00bbmiddle\u00bb column_margin=\u00bbdefault\u00bb column_direction=\u00bbdefault\u00bb column_direction_tablet=\u00bbdefault\u00bb column_direction_phone=\u00bbdefault\u00bb scene_position=\u00bbcenter\u00bb text_color=\u00bbdark\u00bb text_align=\u00bbleft\u00bb row_border_radius=\u00bbnone\u00bb row_border_radius_applies=\u00bbbg\u00bb overflow=\u00bbvisible\u00bb id=\u00bbpgen\u00bb overlay_strength=\u00bb0.3&#8243; gradient_direction=\u00bbleft_to_right\u00bb shape_divider_position=\u00bbbottom\u00bb bg_image_animation=\u00bbnone\u00bb gradient_type=\u00bbdefault\u00bb shape_type=\u00bb\u00bb][vc_column column_padding=\u00bbno-extra-padding\u00bb column_padding_tablet=\u00bbinherit\u00bb column_padding_phone=\u00bbinherit\u00bb column_padding_position=\u00bball\u00bb column_element_direction_desktop=\u00bbdefault\u00bb column_element_spacing=\u00bbdefault\u00bb desktop_text_alignment=\u00bbdefault\u00bb tablet_text_alignment=\u00bbdefault\u00bb phone_text_alignment=\u00bbdefault\u00bb background_color_opacity=\u00bb1&#8243;&#8230;<\/p>\n","protected":false},"author":1,"featured_media":0,"parent":0,"menu_order":0,"comment_status":"closed","ping_status":"closed","template":"","meta":{"footnotes":""},"class_list":["post-54","page","type-page","status-publish"],"yoast_head":"<!-- This site is optimized with the Yoast SEO plugin v26.4 - https:\/\/yoast.com\/wordpress\/plugins\/seo\/ -->\n<title>T\u00e9rminos y condiciones - Balansat Resort<\/title>\n<meta name=\"robots\" content=\"index, follow, max-snippet:-1, max-image-preview:large, max-video-preview:-1\" \/>\n<link rel=\"canonical\" href=\"https:\/\/www.balansatresort.com\/es\/terminos-y-condiciones\/\" \/>\n<meta property=\"og:locale\" content=\"es_ES\" \/>\n<meta property=\"og:type\" content=\"article\" \/>\n<meta property=\"og:title\" content=\"T\u00e9rminos y condiciones - Balansat Resort\" \/>\n<meta property=\"og:description\" content=\"[vc_row type=\u00bbin_container\u00bb full_screen_row_position=\u00bbmiddle\u00bb column_margin=\u00bbdefault\u00bb column_direction=\u00bbdefault\u00bb column_direction_tablet=\u00bbdefault\u00bb column_direction_phone=\u00bbdefault\u00bb scene_position=\u00bbcenter\u00bb text_color=\u00bbdark\u00bb text_align=\u00bbleft\u00bb row_border_radius=\u00bbnone\u00bb row_border_radius_applies=\u00bbbg\u00bb overflow=\u00bbvisible\u00bb id=\u00bbpgen\u00bb overlay_strength=\u00bb0.3&#8243; gradient_direction=\u00bbleft_to_right\u00bb shape_divider_position=\u00bbbottom\u00bb bg_image_animation=\u00bbnone\u00bb gradient_type=\u00bbdefault\u00bb shape_type=\u00bb\u00bb][vc_column column_padding=\u00bbno-extra-padding\u00bb column_padding_tablet=\u00bbinherit\u00bb column_padding_phone=\u00bbinherit\u00bb column_padding_position=\u00bball\u00bb column_element_direction_desktop=\u00bbdefault\u00bb column_element_spacing=\u00bbdefault\u00bb desktop_text_alignment=\u00bbdefault\u00bb tablet_text_alignment=\u00bbdefault\u00bb phone_text_alignment=\u00bbdefault\u00bb background_color_opacity=\u00bb1&#8243;...\" \/>\n<meta property=\"og:url\" content=\"https:\/\/www.balansatresort.com\/es\/terminos-y-condiciones\/\" \/>\n<meta property=\"og:site_name\" content=\"Balansat Resort\" \/>\n<meta property=\"article:publisher\" content=\"https:\/\/www.facebook.com\/balansatresort\/\" \/>\n<meta property=\"article:modified_time\" content=\"2024-03-05T07:39:03+00:00\" \/>\n<meta property=\"og:image\" content=\"https:\/\/www.balansatresort.com\/wp-content\/uploads\/2023\/12\/B6A3243_1-1.jpg\" \/>\n\t<meta property=\"og:image:width\" content=\"1920\" \/>\n\t<meta property=\"og:image:height\" content=\"1280\" \/>\n\t<meta property=\"og:image:type\" content=\"image\/jpeg\" \/>\n<meta name=\"twitter:card\" content=\"summary_large_image\" \/>\n<script type=\"application\/ld+json\" class=\"yoast-schema-graph\">{\"@context\":\"https:\/\/schema.org\",\"@graph\":[{\"@type\":\"WebPage\",\"@id\":\"https:\/\/www.balansatresort.com\/es\/terminos-y-condiciones\/\",\"url\":\"https:\/\/www.balansatresort.com\/es\/terminos-y-condiciones\/\",\"name\":\"T\u00e9rminos y condiciones - Balansat Resort\",\"isPartOf\":{\"@id\":\"https:\/\/www.balansatresort.com\/#website\"},\"datePublished\":\"2023-12-12T13:54:26+00:00\",\"dateModified\":\"2024-03-05T07:39:03+00:00\",\"breadcrumb\":{\"@id\":\"https:\/\/www.balansatresort.com\/es\/terminos-y-condiciones\/#breadcrumb\"},\"inLanguage\":\"es\",\"potentialAction\":[{\"@type\":\"ReadAction\",\"target\":[\"https:\/\/www.balansatresort.com\/es\/terminos-y-condiciones\/\"]}]},{\"@type\":\"BreadcrumbList\",\"@id\":\"https:\/\/www.balansatresort.com\/es\/terminos-y-condiciones\/#breadcrumb\",\"itemListElement\":[{\"@type\":\"ListItem\",\"position\":1,\"name\":\"Portada\",\"item\":\"https:\/\/www.balansatresort.com\/es\/\"},{\"@type\":\"ListItem\",\"position\":2,\"name\":\"T\u00e9rminos y condiciones\"}]},{\"@type\":\"WebSite\",\"@id\":\"https:\/\/www.balansatresort.com\/#website\",\"url\":\"https:\/\/www.balansatresort.com\/\",\"name\":\"Balansat Resort\",\"description\":\"Family resort in the north of Ibiza island\",\"publisher\":{\"@id\":\"https:\/\/www.balansatresort.com\/#organization\"},\"potentialAction\":[{\"@type\":\"SearchAction\",\"target\":{\"@type\":\"EntryPoint\",\"urlTemplate\":\"https:\/\/www.balansatresort.com\/?s={search_term_string}\"},\"query-input\":{\"@type\":\"PropertyValueSpecification\",\"valueRequired\":true,\"valueName\":\"search_term_string\"}}],\"inLanguage\":\"es\"},{\"@type\":\"Organization\",\"@id\":\"https:\/\/www.balansatresort.com\/#organization\",\"name\":\"Balansat Resort\",\"url\":\"https:\/\/www.balansatresort.com\/\",\"logo\":{\"@type\":\"ImageObject\",\"inLanguage\":\"es\",\"@id\":\"https:\/\/www.balansatresort.com\/#\/schema\/logo\/image\/\",\"url\":\"https:\/\/www.balansatresort.com\/wp-content\/uploads\/2023\/12\/Logo-Balansat-Blue.svg\",\"contentUrl\":\"https:\/\/www.balansatresort.com\/wp-content\/uploads\/2023\/12\/Logo-Balansat-Blue.svg\",\"width\":1,\"height\":1,\"caption\":\"Balansat Resort\"},\"image\":{\"@id\":\"https:\/\/www.balansatresort.com\/#\/schema\/logo\/image\/\"},\"sameAs\":[\"https:\/\/www.facebook.com\/balansatresort\/\",\"https:\/\/www.instagram.com\/balansatresort\/\"]}]}<\/script>\n<!-- \/ Yoast SEO plugin. -->","yoast_head_json":{"title":"T\u00e9rminos y condiciones - Balansat Resort","robots":{"index":"index","follow":"follow","max-snippet":"max-snippet:-1","max-image-preview":"max-image-preview:large","max-video-preview":"max-video-preview:-1"},"canonical":"https:\/\/www.balansatresort.com\/es\/terminos-y-condiciones\/","og_locale":"es_ES","og_type":"article","og_title":"T\u00e9rminos y condiciones - Balansat Resort","og_description":"[vc_row type=\u00bbin_container\u00bb full_screen_row_position=\u00bbmiddle\u00bb column_margin=\u00bbdefault\u00bb column_direction=\u00bbdefault\u00bb column_direction_tablet=\u00bbdefault\u00bb column_direction_phone=\u00bbdefault\u00bb scene_position=\u00bbcenter\u00bb text_color=\u00bbdark\u00bb text_align=\u00bbleft\u00bb row_border_radius=\u00bbnone\u00bb row_border_radius_applies=\u00bbbg\u00bb overflow=\u00bbvisible\u00bb id=\u00bbpgen\u00bb overlay_strength=\u00bb0.3&#8243; gradient_direction=\u00bbleft_to_right\u00bb shape_divider_position=\u00bbbottom\u00bb bg_image_animation=\u00bbnone\u00bb gradient_type=\u00bbdefault\u00bb shape_type=\u00bb\u00bb][vc_column column_padding=\u00bbno-extra-padding\u00bb column_padding_tablet=\u00bbinherit\u00bb column_padding_phone=\u00bbinherit\u00bb column_padding_position=\u00bball\u00bb column_element_direction_desktop=\u00bbdefault\u00bb column_element_spacing=\u00bbdefault\u00bb desktop_text_alignment=\u00bbdefault\u00bb tablet_text_alignment=\u00bbdefault\u00bb phone_text_alignment=\u00bbdefault\u00bb background_color_opacity=\u00bb1&#8243;...","og_url":"https:\/\/www.balansatresort.com\/es\/terminos-y-condiciones\/","og_site_name":"Balansat Resort","article_publisher":"https:\/\/www.facebook.com\/balansatresort\/","article_modified_time":"2024-03-05T07:39:03+00:00","og_image":[{"width":1920,"height":1280,"url":"https:\/\/www.balansatresort.com\/wp-content\/uploads\/2023\/12\/B6A3243_1-1.jpg","type":"image\/jpeg"}],"twitter_card":"summary_large_image","schema":{"@context":"https:\/\/schema.org","@graph":[{"@type":"WebPage","@id":"https:\/\/www.balansatresort.com\/es\/terminos-y-condiciones\/","url":"https:\/\/www.balansatresort.com\/es\/terminos-y-condiciones\/","name":"T\u00e9rminos y condiciones - Balansat Resort","isPartOf":{"@id":"https:\/\/www.balansatresort.com\/#website"},"datePublished":"2023-12-12T13:54:26+00:00","dateModified":"2024-03-05T07:39:03+00:00","breadcrumb":{"@id":"https:\/\/www.balansatresort.com\/es\/terminos-y-condiciones\/#breadcrumb"},"inLanguage":"es","potentialAction":[{"@type":"ReadAction","target":["https:\/\/www.balansatresort.com\/es\/terminos-y-condiciones\/"]}]},{"@type":"BreadcrumbList","@id":"https:\/\/www.balansatresort.com\/es\/terminos-y-condiciones\/#breadcrumb","itemListElement":[{"@type":"ListItem","position":1,"name":"Portada","item":"https:\/\/www.balansatresort.com\/es\/"},{"@type":"ListItem","position":2,"name":"T\u00e9rminos y condiciones"}]},{"@type":"WebSite","@id":"https:\/\/www.balansatresort.com\/#website","url":"https:\/\/www.balansatresort.com\/","name":"Balansat Resort","description":"Family resort in the north of Ibiza island","publisher":{"@id":"https:\/\/www.balansatresort.com\/#organization"},"potentialAction":[{"@type":"SearchAction","target":{"@type":"EntryPoint","urlTemplate":"https:\/\/www.balansatresort.com\/?s={search_term_string}"},"query-input":{"@type":"PropertyValueSpecification","valueRequired":true,"valueName":"search_term_string"}}],"inLanguage":"es"},{"@type":"Organization","@id":"https:\/\/www.balansatresort.com\/#organization","name":"Balansat Resort","url":"https:\/\/www.balansatresort.com\/","logo":{"@type":"ImageObject","inLanguage":"es","@id":"https:\/\/www.balansatresort.com\/#\/schema\/logo\/image\/","url":"https:\/\/www.balansatresort.com\/wp-content\/uploads\/2023\/12\/Logo-Balansat-Blue.svg","contentUrl":"https:\/\/www.balansatresort.com\/wp-content\/uploads\/2023\/12\/Logo-Balansat-Blue.svg","width":1,"height":1,"caption":"Balansat Resort"},"image":{"@id":"https:\/\/www.balansatresort.com\/#\/schema\/logo\/image\/"},"sameAs":["https:\/\/www.facebook.com\/balansatresort\/","https:\/\/www.instagram.com\/balansatresort\/"]}]}},"_links":{"self":[{"href":"https:\/\/www.balansatresort.com\/es\/wp-json\/wp\/v2\/pages\/54","targetHints":{"allow":["GET"]}}],"collection":[{"href":"https:\/\/www.balansatresort.com\/es\/wp-json\/wp\/v2\/pages"}],"about":[{"href":"https:\/\/www.balansatresort.com\/es\/wp-json\/wp\/v2\/types\/page"}],"author":[{"embeddable":true,"href":"https:\/\/www.balansatresort.com\/es\/wp-json\/wp\/v2\/users\/1"}],"replies":[{"embeddable":true,"href":"https:\/\/www.balansatresort.com\/es\/wp-json\/wp\/v2\/comments?post=54"}],"version-history":[{"count":0,"href":"https:\/\/www.balansatresort.com\/es\/wp-json\/wp\/v2\/pages\/54\/revisions"}],"wp:attachment":[{"href":"https:\/\/www.balansatresort.com\/es\/wp-json\/wp\/v2\/media?parent=54"}],"curies":[{"name":"wp","href":"https:\/\/api.w.org\/{rel}","templated":true}]}}